{"id":3370,"date":"2017-07-03T10:10:25","date_gmt":"2017-07-03T08:10:25","guid":{"rendered":"http:\/\/actiononline.fr\/?page_id=3370\/"},"modified":"2018-05-22T14:49:30","modified_gmt":"2018-05-22T12:49:30","slug":"application-form","status":"publish","type":"page","link":"https:\/\/actiononline.fr\/en\/application-form\/","title":{"rendered":"APPLICATION FORM"},"content":{"rendered":"<section class=\"section swatch-white  section-text-no-shadow section-inner-no-shadow section-normal section-opaque\"  data-label=\"\">\n    \n    <div class=\"background-overlay grid-overlay-0 \" style=\"background-color: rgba(0,0,0,0);\"><\/div>\n\n    <div class=\"container\">\n        <div class=\"row vertical-top\">\n            <div class=\"col-md-12     text-left small-screen-default\"  >\n<div class=\"wpcf7 no-js\" id=\"wpcf7-f3366-o1\" lang=\"fr-FR\" dir=\"ltr\" data-wpcf7-id=\"3366\">\n<div class=\"screen-reader-response\"><p role=\"status\" aria-live=\"polite\" aria-atomic=\"true\"><\/p> <ul><\/ul><\/div>\n<form action=\"\/en\/wp-json\/wp\/v2\/pages\/3370#wpcf7-f3366-o1\" method=\"post\" class=\"wpcf7-form init\" aria-label=\"Formulaire de contact\" enctype=\"multipart\/form-data\" novalidate=\"novalidate\" data-status=\"init\">\n<fieldset class=\"hidden-fields-container\"><input type=\"hidden\" name=\"_wpcf7\" value=\"3366\" \/><input type=\"hidden\" name=\"_wpcf7_version\" value=\"6.1.5\" \/><input type=\"hidden\" name=\"_wpcf7_locale\" value=\"fr_FR\" \/><input type=\"hidden\" name=\"_wpcf7_unit_tag\" value=\"wpcf7-f3366-o1\" \/><input type=\"hidden\" name=\"_wpcf7_container_post\" value=\"0\" \/><input type=\"hidden\" name=\"_wpcf7_posted_data_hash\" value=\"\" \/><input type=\"hidden\" name=\"_cf7a__timestamp\" value=\"m9ajeHavrsXLi\/sriXsRaQ==\" \/><input type=\"hidden\" name=\"_cf7a_version\" value=\"1.0\" \/><input type=\"hidden\" name=\"_cf7a_address\" value=\"\" \/><input type=\"hidden\" name=\"_cf7a_referer\" value=\"\" \/><input type=\"hidden\" name=\"_cf7a_protocol\" value=\"\" \/><input type=\"hidden\" name=\"_wpcf7_recaptcha_response\" value=\"\" \/>\n<\/fieldset>\n<p class=\"required_fields\">(*) Mandatory\n<\/p>\n<table>\n\t<tr>\n\t\t<td>\n\t\t\t<p><span class=\"wpcf7-form-control-wrap\" data-name=\"nom\"><input size=\"40\" maxlength=\"400\" class=\"wpcf7-form-control wpcf7-text wpcf7-validates-as-required\" aria-required=\"true\" aria-invalid=\"false\" placeholder=\"Name*\" value=\"\" type=\"text\" name=\"nom\" \/><input type=\"text\" name=\"name\" value=\"\" autocomplete=\"fill\" class=\"fit-the-fullspace\" aria-hidden=\"true\" tabindex=\"-1\" \/><\/span><br \/>\n<span class=\"wpcf7-form-control-wrap\" data-name=\"prenom\"><input type=\"text\" name=\"email\" value=\"\" autocomplete=\"fill\" class=\"fit-the-fullspace\" aria-hidden=\"true\" tabindex=\"-1\" \/><input size=\"40\" maxlength=\"400\" class=\"wpcf7-form-control wpcf7-text\" aria-invalid=\"false\" placeholder=\"First Name\" value=\"\" type=\"text\" name=\"prenom\" \/><\/span><br \/>\n<span class=\"wpcf7-form-control-wrap\" data-name=\"email\"><input size=\"40\" maxlength=\"400\" class=\"wpcf7-form-control wpcf7-email wpcf7-validates-as-required wpcf7-text wpcf7-validates-as-email\" aria-required=\"true\" aria-invalid=\"false\" placeholder=\"E-mail*\" value=\"\" type=\"email\" name=\"email\" \/><\/span><br \/>\nYour CV :<br \/>\n<span class=\"wpcf7-form-control-wrap\" data-name=\"CV\"><input size=\"40\" class=\"wpcf7-form-control wpcf7-file wpcf7-validates-as-required\" accept=\"audio\/*,video\/*,image\/*\" aria-required=\"true\" aria-invalid=\"false\" type=\"file\" name=\"CV\" \/><\/span><br \/>\nYour cover letter :<br \/>\n<span class=\"wpcf7-form-control-wrap\" data-name=\"Lettredemotivation\"><input size=\"40\" class=\"wpcf7-form-control wpcf7-file wpcf7-validates-as-required\" accept=\"audio\/*,video\/*,image\/*\" aria-required=\"true\" aria-invalid=\"false\" type=\"file\" name=\"Lettredemotivation\" \/><\/span><br \/>\n\t\t\t<span class=\"wpcf7-form-control-wrap recaptcha\" data-name=\"recaptcha\"><span data-sitekey=\"6LeeZU8aAAAAANBBICs1Yi8jMfU9LIRk_zwJomLi\" class=\"wpcf7-form-control wpcf7-recaptcha g-recaptcha\"><\/span>\r\n<noscript>\r\n\t<div class=\"grecaptcha-noscript\">\r\n\t\t<iframe loading=\"lazy\" src=\"https:\/\/www.google.com\/recaptcha\/api\/fallback?k=6LeeZU8aAAAAANBBICs1Yi8jMfU9LIRk_zwJomLi\" frameborder=\"0\" scrolling=\"no\" width=\"310\" height=\"430\">\r\n\t\t<\/iframe>\r\n\t\t<textarea name=\"g-recaptcha-response\" rows=\"3\" cols=\"40\" placeholder=\"reCaptcha Response Here\">\r\n\t\t<\/textarea>\r\n\t<\/div>\r\n<\/noscript>\r\n<\/span><br \/>\n<input class=\"wpcf7-form-control wpcf7-submit has-spinner\" type=\"submit\" value=\"Apply\" \/>\n\t\t\t<\/p>\n\t\t<\/td>\n\t<\/tr>\n\t<tr>\n\t\t<td colspan=2>\n\t\t\t<p class=\"legals-forms\" style=\"font-size:0.7em!important;line-height:1.2em!important;\">\n\t\t\t<\/p>\n\t\t\t<p class=\"legals-forms\" style=\"font-size:0.7em!important;line-height:1.2em!important;\"><br \/>\nThe information collected on this form is recorded in a file computerized by ACTION ON LINE to process your request. They shall be kept for 10 years and are intended to our administrative services. In accordance with the law \u00ab <a style=\"font-size:1em!important;line-height:1.2em!important;\"  href=\"https:\/\/www.cnil.fr\/fr\/loi-78-17-du-6-janvier-1978-modifiee\" target=\"_blank\" title=\"Loi Informatique et libert\u00e9s\">Informatique et libert\u00e9s <\/a>\u00bb, you can exercise your right of access to the data concerning you and have them rectified by contacting: ACTION ON LINE - contact@action-on-line.fr. We inform you of the existence of the opposition list to the \u00ab <a style=\"font-size:1em!important;line-height:1.2em!important;\" href=\"https:\/\/conso.bloctel.fr\/\" target=\"_blank\" title=\"Bloctel opposition au d\u00e9marchage t\u00e9l\u00e9phonique\">Bloctel<\/a> \u00bb telephone call. <a target=\"_blank\" href=\"https:\/\/actiononline.fr\/en\/mentions-legales\/\">Privacy policy<\/a>\n\t\t\t<\/p>\n\t\t<\/td>\n\t<\/tr>\n<\/table><div class=\"wpcf7-response-output\" aria-hidden=\"true\"><\/div>\n<\/form>\n<\/div>\n<div class=\"divider-wrapper\" style=\"visibility:hidden;background-color:\">\n    <div class=\"visible-xs\" style=\"height:24px;\"><\/div>\n    <div class=\"visible-sm\" style=\"height:24px;\"><\/div>\n    <div class=\"visible-md\" style=\"height:24px;\"><\/div>\n    <div class=\"visible-lg\" style=\"height:24px;\"><\/div>\n<\/div><\/div>        <\/div>\n    <\/div>\n<\/section>\n","protected":false},"excerpt":{"rendered":"(*) Mandatory Your CV : Your cover letter : The information collected on this form is recorded in a file computerized by ACTION ON LINE to process your request. They shall be kept for 10 years and are intended to our administrative services. In accordance with the law \u00ab Informatique et libert\u00e9s \u00bb, you can","protected":false},"author":5,"featured_media":0,"parent":0,"menu_order":17,"comment_status":"closed","ping_status":"closed","template":"","meta":{"_acf_changed":false,"footnotes":""},"class_list":["post-3370","page","type-page","status-publish","hentry"],"acf":[],"yoast_head":"<!-- This site is optimized with the Yoast SEO plugin v27.3 - https:\/\/yoast.com\/product\/yoast-seo-wordpress\/ -->\n<title>APPLICATION FORM - Action On Line<\/title>\n<meta name=\"robots\" content=\"index, follow, max-snippet:-1, max-image-preview:large, max-video-preview:-1\" \/>\n<link rel=\"canonical\" href=\"https:\/\/actiononline.fr\/en\/application-form\/\" \/>\n<meta property=\"og:locale\" content=\"en_US\" \/>\n<meta property=\"og:type\" content=\"article\" \/>\n<meta property=\"og:title\" content=\"APPLICATION FORM - Action On Line\" \/>\n<meta property=\"og:url\" content=\"https:\/\/actiononline.fr\/en\/application-form\/\" \/>\n<meta property=\"og:site_name\" content=\"Action On Line\" \/>\n<meta property=\"article:modified_time\" content=\"2018-05-22T12:49:30+00:00\" \/>\n<meta name=\"twitter:card\" content=\"summary_large_image\" \/>\n<meta name=\"twitter:site\" content=\"@actiononline_fr\" \/>\n<script type=\"application\/ld+json\" class=\"yoast-schema-graph\">{\"@context\":\"https:\\\/\\\/schema.org\",\"@graph\":[{\"@type\":\"WebPage\",\"@id\":\"https:\\\/\\\/actiononline.fr\\\/en\\\/application-form\\\/\",\"url\":\"https:\\\/\\\/actiononline.fr\\\/en\\\/application-form\\\/\",\"name\":\"APPLICATION FORM - Action On Line\",\"isPartOf\":{\"@id\":\"https:\\\/\\\/actiononline.fr\\\/#website\"},\"datePublished\":\"2017-07-03T08:10:25+00:00\",\"dateModified\":\"2018-05-22T12:49:30+00:00\",\"breadcrumb\":{\"@id\":\"https:\\\/\\\/actiononline.fr\\\/en\\\/application-form\\\/#breadcrumb\"},\"inLanguage\":\"en-US\",\"potentialAction\":[{\"@type\":\"ReadAction\",\"target\":[\"https:\\\/\\\/actiononline.fr\\\/en\\\/application-form\\\/\"]}]},{\"@type\":\"BreadcrumbList\",\"@id\":\"https:\\\/\\\/actiononline.fr\\\/en\\\/application-form\\\/#breadcrumb\",\"itemListElement\":[{\"@type\":\"ListItem\",\"position\":1,\"name\":\"Accueil\",\"item\":\"https:\\\/\\\/actiononline.fr\\\/en\\\/\"},{\"@type\":\"ListItem\",\"position\":2,\"name\":\"APPLICATION FORM\"}]},{\"@type\":\"WebSite\",\"@id\":\"https:\\\/\\\/actiononline.fr\\\/#website\",\"url\":\"https:\\\/\\\/actiononline.fr\\\/\",\"name\":\"Action On Line\",\"description\":\"Site Officiel\",\"potentialAction\":[{\"@type\":\"SearchAction\",\"target\":{\"@type\":\"EntryPoint\",\"urlTemplate\":\"https:\\\/\\\/actiononline.fr\\\/?s={search_term_string}\"},\"query-input\":{\"@type\":\"PropertyValueSpecification\",\"valueRequired\":true,\"valueName\":\"search_term_string\"}}],\"inLanguage\":\"en-US\"}]}<\/script>\n<!-- \/ Yoast SEO plugin. -->","yoast_head_json":{"title":"APPLICATION FORM - Action On Line","robots":{"index":"index","follow":"follow","max-snippet":"max-snippet:-1","max-image-preview":"max-image-preview:large","max-video-preview":"max-video-preview:-1"},"canonical":"https:\/\/actiononline.fr\/en\/application-form\/","og_locale":"en_US","og_type":"article","og_title":"APPLICATION FORM - Action On Line","og_url":"https:\/\/actiononline.fr\/en\/application-form\/","og_site_name":"Action On Line","article_modified_time":"2018-05-22T12:49:30+00:00","twitter_card":"summary_large_image","twitter_site":"@actiononline_fr","schema":{"@context":"https:\/\/schema.org","@graph":[{"@type":"WebPage","@id":"https:\/\/actiononline.fr\/en\/application-form\/","url":"https:\/\/actiononline.fr\/en\/application-form\/","name":"APPLICATION FORM - Action On Line","isPartOf":{"@id":"https:\/\/actiononline.fr\/#website"},"datePublished":"2017-07-03T08:10:25+00:00","dateModified":"2018-05-22T12:49:30+00:00","breadcrumb":{"@id":"https:\/\/actiononline.fr\/en\/application-form\/#breadcrumb"},"inLanguage":"en-US","potentialAction":[{"@type":"ReadAction","target":["https:\/\/actiononline.fr\/en\/application-form\/"]}]},{"@type":"BreadcrumbList","@id":"https:\/\/actiononline.fr\/en\/application-form\/#breadcrumb","itemListElement":[{"@type":"ListItem","position":1,"name":"Accueil","item":"https:\/\/actiononline.fr\/en\/"},{"@type":"ListItem","position":2,"name":"APPLICATION FORM"}]},{"@type":"WebSite","@id":"https:\/\/actiononline.fr\/#website","url":"https:\/\/actiononline.fr\/","name":"Action On Line","description":"Site Officiel","potentialAction":[{"@type":"SearchAction","target":{"@type":"EntryPoint","urlTemplate":"https:\/\/actiononline.fr\/?s={search_term_string}"},"query-input":{"@type":"PropertyValueSpecification","valueRequired":true,"valueName":"search_term_string"}}],"inLanguage":"en-US"}]}},"_links":{"self":[{"href":"https:\/\/actiononline.fr\/en\/wp-json\/wp\/v2\/pages\/3370","targetHints":{"allow":["GET"]}}],"collection":[{"href":"https:\/\/actiononline.fr\/en\/wp-json\/wp\/v2\/pages"}],"about":[{"href":"https:\/\/actiononline.fr\/en\/wp-json\/wp\/v2\/types\/page"}],"author":[{"embeddable":true,"href":"https:\/\/actiononline.fr\/en\/wp-json\/wp\/v2\/users\/5"}],"replies":[{"embeddable":true,"href":"https:\/\/actiononline.fr\/en\/wp-json\/wp\/v2\/comments?post=3370"}],"version-history":[{"count":1,"href":"https:\/\/actiononline.fr\/en\/wp-json\/wp\/v2\/pages\/3370\/revisions"}],"predecessor-version":[{"id":3371,"href":"https:\/\/actiononline.fr\/en\/wp-json\/wp\/v2\/pages\/3370\/revisions\/3371"}],"wp:attachment":[{"href":"https:\/\/actiononline.fr\/en\/wp-json\/wp\/v2\/media?parent=3370"}],"curies":[{"name":"wp","href":"https:\/\/api.w.org\/{rel}","templated":true}]}}