{"id":1631,"date":"2017-05-30T08:50:41","date_gmt":"2017-05-30T06:50:41","guid":{"rendered":"http:\/\/actiononline.fr\/contact\/"},"modified":"2024-02-01T13:54:11","modified_gmt":"2024-02-01T12:54:11","slug":"contact-2-2","status":"publish","type":"page","link":"https:\/\/actiononline.fr\/en\/contact\/","title":{"rendered":"Contact"},"content":{"rendered":"<section class=\"section swatch-white  section-text-no-shadow section-inner-no-shadow section-normal section-opaque\"  data-label=\"\">\n    \n    <div class=\"background-overlay grid-overlay-0 \" style=\"background-color: rgba(255,255,255,0);\"><\/div>\n\n    <div class=\"container\">\n        <div class=\"row vertical-top\">\n            <div class=\"col-md-12     text-default small-screen-default\"  ><header class=\"text-center  element-normal-top element-medium-bottom not-condensed os-animation\" data-os-animation=\"fadeInUp\" data-os-animation-delay=\"0s\" >\n    <h1 class=\"super hairline bordered bordered-normal\" >\n        Contact us    <\/h1>\n    <\/header>\n<div class=\"row \"><div class=\"col-md-4     text-left small-screen-left os-animation\" data-os-animation=\"fadeInLeft\" data-os-animation-delay=\"0.3s\" ><div class=\"divider-wrapper\" style=\"visibility:hidden;background-color:\">\n    <div class=\"visible-xs\" style=\"height:50px;\"><\/div>\n    <div class=\"visible-sm\" style=\"height:50px;\"><\/div>\n    <div class=\"visible-md\" style=\"height:50px;\"><\/div>\n    <div class=\"visible-lg\" style=\"height:50px;\"><\/div>\n<\/div><ul class=\"fa-ul lead  element-no-top element-medium-bottom\" data-os-animation=\"none\" data-os-animation-delay=\"0s\">\n    <li>\n            <i class=\"fa fa-li fa-home\" style=\"color:#82c9ed;\">\n        <\/i>\n        LIMOVALLEY645 Route Nationale 669760 LIMONEST<\/li><li>\n            <i class=\"fa fa-li fa-phone\" style=\"color:#82c9eb;\">\n        <\/i>\n        +33 (0)4 37 64 40 10<\/li><li>\n            <i class=\"fa fa-li fa-envelope\" style=\"color:#82c9eb;\">\n        <\/i>\n        contact@action-on-line.fr<\/li><\/ul><div id=\"map238\" class=\"google-map  element-no-top element-short-bottom\" style=\"height:300px\" data-os-animation=\"none\" data-os-animation-delay=\"0s\"><\/div><\/div><div class=\"col-md-8     text-left small-screen-center os-animation\" data-os-animation=\"fadeInRight\" data-os-animation-delay=\"0.3s\" >\n<div class=\"wpcf7 no-js\" id=\"wpcf7-f1629-o1\" lang=\"fr-FR\" dir=\"ltr\" data-wpcf7-id=\"1629\">\n<div class=\"screen-reader-response\"><p role=\"status\" aria-live=\"polite\" aria-atomic=\"true\"><\/p> <ul><\/ul><\/div>\n<form action=\"\/en\/wp-json\/wp\/v2\/pages\/1631#wpcf7-f1629-o1\" method=\"post\" class=\"wpcf7-form init\" aria-label=\"Formulaire de contact\" novalidate=\"novalidate\" data-status=\"init\">\n<fieldset class=\"hidden-fields-container\"><input type=\"hidden\" name=\"_wpcf7\" value=\"1629\" \/><input type=\"hidden\" name=\"_wpcf7_version\" value=\"6.1.5\" \/><input type=\"hidden\" name=\"_wpcf7_locale\" value=\"fr_FR\" \/><input type=\"hidden\" name=\"_wpcf7_unit_tag\" value=\"wpcf7-f1629-o1\" \/><input type=\"hidden\" name=\"_wpcf7_container_post\" value=\"0\" \/><input type=\"hidden\" name=\"_wpcf7_posted_data_hash\" value=\"\" \/><input type=\"hidden\" name=\"_cf7a__timestamp\" value=\"XR2ZubDqOAQWR6Iw+5d7dw==\" \/><input type=\"hidden\" name=\"_cf7a_version\" value=\"1.0\" \/><input type=\"hidden\" name=\"_cf7a_address\" value=\"\" \/><input type=\"hidden\" name=\"_cf7a_referer\" value=\"\" \/><input type=\"hidden\" name=\"_cf7a_protocol\" value=\"\" \/><input type=\"hidden\" name=\"_wpcf7_recaptcha_response\" value=\"\" \/>\n<\/fieldset>\n<p class=\"required_fields\">(*) Mandatory\n<\/p>\n<table>\n\t<tr>\n\t\t<td>\n\t\t\t<p><span class=\"wpcf7-form-control-wrap\" data-name=\"prenom\"><input size=\"40\" maxlength=\"400\" class=\"wpcf7-form-control wpcf7-text\" aria-invalid=\"false\" placeholder=\"First Name\" value=\"\" type=\"text\" name=\"prenom\" \/><input type=\"text\" name=\"name\" value=\"\" autocomplete=\"fill\" class=\"fit-the-fullspace\" aria-hidden=\"true\" tabindex=\"-1\" \/><\/span>\n\t\t\t<\/p>\n\t\t<\/td>\n\t\t<td>\n\t\t\t<p><span class=\"wpcf7-form-control-wrap\" data-name=\"nom\"><input size=\"40\" maxlength=\"400\" class=\"wpcf7-form-control wpcf7-text wpcf7-validates-as-required\" aria-required=\"true\" aria-invalid=\"false\" placeholder=\"Last Name*\" value=\"\" type=\"text\" name=\"nom\" \/><input type=\"text\" name=\"email\" value=\"\" autocomplete=\"fill\" class=\"fit-the-fullspace\" aria-hidden=\"true\" tabindex=\"-1\" \/><\/span>\n\t\t\t<\/p>\n\t\t<\/td>\n\t<\/tr>\n\t<tr>\n\t\t<td>\n\t\t\t<p><span class=\"wpcf7-form-control-wrap\" data-name=\"email\"><input size=\"40\" maxlength=\"400\" class=\"wpcf7-form-control wpcf7-email wpcf7-validates-as-required wpcf7-text wpcf7-validates-as-email\" aria-required=\"true\" aria-invalid=\"false\" placeholder=\"E-mail*\" value=\"\" type=\"email\" name=\"email\" \/><\/span>\n\t\t\t<\/p>\n\t\t<\/td>\n\t\t<td>\n\t\t\t<p><span class=\"wpcf7-form-control-wrap\" data-name=\"telephone\"><input size=\"40\" maxlength=\"400\" class=\"wpcf7-form-control wpcf7-tel wpcf7-text wpcf7-validates-as-tel\" aria-invalid=\"false\" placeholder=\"Phone number\" value=\"\" type=\"tel\" name=\"telephone\" \/><\/span>\n\t\t\t<\/p>\n\t\t<\/td>\n\t<\/tr>\n\t<tr>\n\t\t<td>\n\t\t\t<p><span class=\"wpcf7-form-control-wrap\" data-name=\"entreprise\"><input type=\"text\" name=\"town\" value=\"\" autocomplete=\"fill\" class=\"fit-the-fullspace\" aria-hidden=\"true\" tabindex=\"-1\" \/><input size=\"40\" maxlength=\"400\" class=\"wpcf7-form-control wpcf7-text\" aria-invalid=\"false\" placeholder=\"Company\" value=\"\" type=\"text\" name=\"entreprise\" \/><\/span>\n\t\t\t<\/p>\n\t\t<\/td>\n\t\t<td>\n\t\t<\/td>\n\t<\/tr>\n\t<tr>\n\t\t<td>\n\t\t\t<p><span class=\"wpcf7-form-control-wrap\" data-name=\"newsletter\"><span class=\"wpcf7-form-control wpcf7-checkbox\"><span class=\"wpcf7-list-item first last\"><input type=\"checkbox\" name=\"newsletter[]\" value=\"Subscribe to our newsletter\" \/><span class=\"wpcf7-list-item-label\">Subscribe to our newsletter<\/span><\/span><\/span><\/span>\n\t\t\t<\/p>\n\t\t<\/td>\n\t\t<td>\n\t\t<\/td>\n\t<\/tr>\n\t<tr>\n\t\t<td colspan=\"2\">\n\t\t\t<p><span class=\"wpcf7-form-control-wrap\" data-name=\"votre-message\"><textarea cols=\"40\" rows=\"10\" maxlength=\"2000\" class=\"wpcf7-form-control wpcf7-textarea wpcf7-validates-as-required\" aria-required=\"true\" aria-invalid=\"false\" placeholder=\"Your message...\" name=\"votre-message\"><\/textarea><\/span>\n\t\t\t<\/p>\n\t\t<\/td>\n\t<\/tr>\n\t<tr>\n\t\t<td colspan=\"2\">\n\t\t\t<p><span class=\"wpcf7-form-control-wrap\" data-name=\"commercial\"><span class=\"wpcf7-form-control wpcf7-checkbox wpcf7-validates-as-required\"><span class=\"wpcf7-list-item first last\"><input type=\"checkbox\" name=\"commercial[]\" value=\"By ticking this box, you acknowledge that you have read and accept the terms and conditions of use your personal datas.\" \/><span class=\"wpcf7-list-item-label\">By ticking this box, you acknowledge that you have read and accept the terms and conditions of use your personal datas.<\/span><\/span><\/span><\/span><br \/>\n<a target='_blank' href='https:\/\/actiononline.fr\/en\/mentions-legales\/'>Privacy policy<\/a>\n\t\t\t<\/p>\n\t\t<\/td>\n\t<\/tr>\n\t<tr>\n\t\t<td>\n\t\t<span class=\"wpcf7-form-control-wrap recaptcha\" data-name=\"recaptcha\"><span data-sitekey=\"6LeeZU8aAAAAANBBICs1Yi8jMfU9LIRk_zwJomLi\" class=\"wpcf7-form-control wpcf7-recaptcha g-recaptcha\"><\/span>\r\n<noscript>\r\n\t<div class=\"grecaptcha-noscript\">\r\n\t\t<iframe loading=\"lazy\" src=\"https:\/\/www.google.com\/recaptcha\/api\/fallback?k=6LeeZU8aAAAAANBBICs1Yi8jMfU9LIRk_zwJomLi\" frameborder=\"0\" scrolling=\"no\" width=\"310\" height=\"430\">\r\n\t\t<\/iframe>\r\n\t\t<textarea name=\"g-recaptcha-response\" rows=\"3\" cols=\"40\" placeholder=\"reCaptcha Response Here\">\r\n\t\t<\/textarea>\r\n\t<\/div>\r\n<\/noscript>\r\n<\/span>\n\t\t<\/td>\n\t\t<td>\n\t\t\t<p><input class=\"wpcf7-form-control wpcf7-submit has-spinner\" type=\"submit\" value=\"Submit\" \/>\n\t\t\t<\/p>\n\t\t<\/td>\n\t\t<td>\n\t\t<\/td>\n\t<\/tr>\n\t<tr>\n\t\t<td colspan=2>\n\t\t\t<p class=\"legals-forms\" style=\"font-size:0.7em!important;line-height:1.2em!important;\">\n\t\t\t<\/p>\n\t\t\t<p class=\"legals-forms\" style=\"font-size:0.7em!important;line-height:1.2em!important;\"><br \/>\nThe information collected on this form is recorded in a file computerized by ACTION ON LINE to process your request. They shall be kept for 10 years and are intended to our administrative services. In accordance with the law \u00ab <a style=\"font-size:1em!important;line-height:1.2em!important;\"  href=\"https:\/\/www.cnil.fr\/fr\/loi-78-17-du-6-janvier-1978-modifiee\" target=\"_blank\" title=\"Loi Informatique et libert\u00e9s\">Informatique et libert\u00e9s <\/a>\u00bb, you can exercise your right of access to the data concerning you and have them rectified by contacting: ACTION ON LINE - contact@action-on-line.fr. We inform you of the existence of the opposition list to the \u00ab <a style=\"font-size:1em!important;line-height:1.2em!important;\" href=\"https:\/\/conso.bloctel.fr\/\" target=\"_blank\" title=\"Bloctel opposition au d\u00e9marchage t\u00e9l\u00e9phonique\">Bloctel<\/a> \u00bb telephone call.\n\t\t\t<\/p>\n\t\t<\/td>\n\t<\/tr>\n<\/table><div class=\"wpcf7-response-output\" aria-hidden=\"true\"><\/div>\n<\/form>\n<\/div>\n<div class=\"divider-wrapper\" style=\"visibility:hide;background-color:#FFFFFF\">\n    <div class=\"visible-xs\" style=\"height:72px;\"><\/div>\n    <div class=\"visible-sm\" style=\"height:72px;\"><\/div>\n    <div class=\"visible-md\" style=\"height:72px;\"><\/div>\n    <div class=\"visible-lg\" style=\"height:72px;\"><\/div>\n<\/div><\/div><\/div><\/div>        <\/div>\n    <\/div>\n<\/section>\n","protected":false},"excerpt":{"rendered":"Contact us LIMOVALLEY645 Route Nationale 669760 LIMONEST +33 (0)4 37 64 40 10 contact@action-on-line.fr (*) Mandatory Subscribe to our newsletter By ticking this box, you acknowledge that you have read and accept the terms and conditions of use your personal datas. Privacy policy The information collected on this form is recorded in a file computerized","protected":false},"author":1,"featured_media":0,"parent":0,"menu_order":25,"comment_status":"open","ping_status":"open","template":"","meta":{"_acf_changed":false,"footnotes":""},"class_list":["post-1631","page","type-page","status-publish","hentry"],"acf":[],"yoast_head":"<!-- This site is optimized with the Yoast SEO plugin v27.4 - https:\/\/yoast.com\/product\/yoast-seo-wordpress\/ -->\n<title>Contact - Action On Line<\/title>\n<meta name=\"robots\" content=\"index, follow, max-snippet:-1, max-image-preview:large, max-video-preview:-1\" \/>\n<link rel=\"canonical\" href=\"https:\/\/actiononline.fr\/en\/contact\/\" \/>\n<meta property=\"og:locale\" content=\"en_US\" \/>\n<meta property=\"og:type\" content=\"article\" \/>\n<meta property=\"og:title\" content=\"Contact - Action On Line\" \/>\n<meta property=\"og:url\" content=\"https:\/\/actiononline.fr\/en\/contact\/\" \/>\n<meta property=\"og:site_name\" content=\"Action On Line\" \/>\n<meta property=\"article:modified_time\" content=\"2024-02-01T12:54:11+00:00\" \/>\n<meta name=\"twitter:card\" content=\"summary_large_image\" \/>\n<meta name=\"twitter:site\" content=\"@actiononline_fr\" \/>\n<meta name=\"twitter:label1\" content=\"Est. reading time\" \/>\n\t<meta name=\"twitter:data1\" content=\"1 minute\" \/>\n<script type=\"application\/ld+json\" class=\"yoast-schema-graph\">{\"@context\":\"https:\\\/\\\/schema.org\",\"@graph\":[{\"@type\":\"WebPage\",\"@id\":\"https:\\\/\\\/actiononline.fr\\\/en\\\/contact\\\/\",\"url\":\"https:\\\/\\\/actiononline.fr\\\/en\\\/contact\\\/\",\"name\":\"Contact - Action On Line\",\"isPartOf\":{\"@id\":\"https:\\\/\\\/actiononline.fr\\\/#website\"},\"datePublished\":\"2017-05-30T06:50:41+00:00\",\"dateModified\":\"2024-02-01T12:54:11+00:00\",\"breadcrumb\":{\"@id\":\"https:\\\/\\\/actiononline.fr\\\/en\\\/contact\\\/#breadcrumb\"},\"inLanguage\":\"en-US\",\"potentialAction\":[{\"@type\":\"ReadAction\",\"target\":[\"https:\\\/\\\/actiononline.fr\\\/en\\\/contact\\\/\"]}]},{\"@type\":\"BreadcrumbList\",\"@id\":\"https:\\\/\\\/actiononline.fr\\\/en\\\/contact\\\/#breadcrumb\",\"itemListElement\":[{\"@type\":\"ListItem\",\"position\":1,\"name\":\"Accueil\",\"item\":\"https:\\\/\\\/actiononline.fr\\\/en\\\/\"},{\"@type\":\"ListItem\",\"position\":2,\"name\":\"Contact\"}]},{\"@type\":\"WebSite\",\"@id\":\"https:\\\/\\\/actiononline.fr\\\/#website\",\"url\":\"https:\\\/\\\/actiononline.fr\\\/\",\"name\":\"Action On Line\",\"description\":\"Site Officiel\",\"potentialAction\":[{\"@type\":\"SearchAction\",\"target\":{\"@type\":\"EntryPoint\",\"urlTemplate\":\"https:\\\/\\\/actiononline.fr\\\/?s={search_term_string}\"},\"query-input\":{\"@type\":\"PropertyValueSpecification\",\"valueRequired\":true,\"valueName\":\"search_term_string\"}}],\"inLanguage\":\"en-US\"}]}<\/script>\n<!-- \/ Yoast SEO plugin. -->","yoast_head_json":{"title":"Contact - Action On Line","robots":{"index":"index","follow":"follow","max-snippet":"max-snippet:-1","max-image-preview":"max-image-preview:large","max-video-preview":"max-video-preview:-1"},"canonical":"https:\/\/actiononline.fr\/en\/contact\/","og_locale":"en_US","og_type":"article","og_title":"Contact - Action On Line","og_url":"https:\/\/actiononline.fr\/en\/contact\/","og_site_name":"Action On Line","article_modified_time":"2024-02-01T12:54:11+00:00","twitter_card":"summary_large_image","twitter_site":"@actiononline_fr","twitter_misc":{"Est. reading time":"1 minute"},"schema":{"@context":"https:\/\/schema.org","@graph":[{"@type":"WebPage","@id":"https:\/\/actiononline.fr\/en\/contact\/","url":"https:\/\/actiononline.fr\/en\/contact\/","name":"Contact - Action On Line","isPartOf":{"@id":"https:\/\/actiononline.fr\/#website"},"datePublished":"2017-05-30T06:50:41+00:00","dateModified":"2024-02-01T12:54:11+00:00","breadcrumb":{"@id":"https:\/\/actiononline.fr\/en\/contact\/#breadcrumb"},"inLanguage":"en-US","potentialAction":[{"@type":"ReadAction","target":["https:\/\/actiononline.fr\/en\/contact\/"]}]},{"@type":"BreadcrumbList","@id":"https:\/\/actiononline.fr\/en\/contact\/#breadcrumb","itemListElement":[{"@type":"ListItem","position":1,"name":"Accueil","item":"https:\/\/actiononline.fr\/en\/"},{"@type":"ListItem","position":2,"name":"Contact"}]},{"@type":"WebSite","@id":"https:\/\/actiononline.fr\/#website","url":"https:\/\/actiononline.fr\/","name":"Action On Line","description":"Site Officiel","potentialAction":[{"@type":"SearchAction","target":{"@type":"EntryPoint","urlTemplate":"https:\/\/actiononline.fr\/?s={search_term_string}"},"query-input":{"@type":"PropertyValueSpecification","valueRequired":true,"valueName":"search_term_string"}}],"inLanguage":"en-US"}]}},"_links":{"self":[{"href":"https:\/\/actiononline.fr\/en\/wp-json\/wp\/v2\/pages\/1631","targetHints":{"allow":["GET"]}}],"collection":[{"href":"https:\/\/actiononline.fr\/en\/wp-json\/wp\/v2\/pages"}],"about":[{"href":"https:\/\/actiononline.fr\/en\/wp-json\/wp\/v2\/types\/page"}],"author":[{"embeddable":true,"href":"https:\/\/actiononline.fr\/en\/wp-json\/wp\/v2\/users\/1"}],"replies":[{"embeddable":true,"href":"https:\/\/actiononline.fr\/en\/wp-json\/wp\/v2\/comments?post=1631"}],"version-history":[{"count":15,"href":"https:\/\/actiononline.fr\/en\/wp-json\/wp\/v2\/pages\/1631\/revisions"}],"predecessor-version":[{"id":10412,"href":"https:\/\/actiononline.fr\/en\/wp-json\/wp\/v2\/pages\/1631\/revisions\/10412"}],"wp:attachment":[{"href":"https:\/\/actiononline.fr\/en\/wp-json\/wp\/v2\/media?parent=1631"}],"curies":[{"name":"wp","href":"https:\/\/api.w.org\/{rel}","templated":true}]}}