{"id":1495,"date":"2017-05-29T14:59:19","date_gmt":"2017-05-29T12:59:19","guid":{"rendered":"http:\/\/actiononline.fr\/recruitment\/"},"modified":"2018-05-22T14:49:37","modified_gmt":"2018-05-22T12:49:37","slug":"recruitment","status":"publish","type":"page","link":"https:\/\/actiononline.fr\/en\/recruitment\/","title":{"rendered":"Recruitment"},"content":{"rendered":"<section class=\"section swatch-white  section-text-no-shadow section-inner-no-shadow section-normal section-opaque\"  data-label=\"\">\n    \n    <div class=\"background-overlay grid-overlay-0 \" style=\"background-color: rgba(0,0,0,0);\"><\/div>\n\n    <div class=\"container\">\n        <div class=\"row vertical-top\">\n            <div class=\"col-md-12     text-center small-screen-default\"  ><header class=\"text-center  element-short-top element-short-bottom not-condensed\" data-os-animation=\"none\" data-os-animation-delay=\"0s\" >\n    <h2 class=\"big hairline bordered bordered-normal\" >\n        Join our dynamic team !    <\/h2>\n    <\/header>\n<div class=\" element-no-top element-short-bottom\" data-os-animation=\"none\" data-os-animation-delay=\"0s\">\n    <p>Our job offers are updated regularly.<br \/>\nYou can also send your spontaneous application to us at the following e-mail address : recrutement@action-on-line.fr.<\/p>\n<\/div><\/div>        <\/div>\n    <\/div>\n<\/section><section class=\"section swatch-white  section-text-no-shadow section-inner-no-shadow section-normal section-opaque\"  data-label=\"\">\n    \n    <div class=\"background-overlay grid-overlay-0 \" style=\"background-color: rgba(0,0,0,0);\"><\/div>\n\n    <div class=\"container\">\n        <div class=\"row vertical-top\">\n            <div class=\"col-md-12     text-left small-screen-default\"  >\n<div id=\"accordion_519\" class=\"panel-group  element-short-top element-short-bottom\" data-os-animation=\"none\" data-os-animation-delay=\"0s\">\n\t\t\t\t\t\t\t    <div class=\"panel panel-warning\">\n\t\t        <div class=\"panel-heading\">\n\t\t            <a href=\"#group_171\" class=\"accordion-toggle collapsed\" data-parent = \"#accordion_519\" data-toggle=\"collapse\" >Int\u00e9grateur E-learning (H\/F)<\/a>\n\t\t        <\/div>\n\t\t        <div id=\"group_171\" class=\"panel-collapse collapse  in\">\n\t\t            <div class=\"panel-body\">\n\t\t                <div class=\" element-short-top element-short-bottom\" data-os-animation=\"none\" data-os-animation-delay=\"0s\">\n    <h2><strong>Missions<\/strong><\/h2>\n<p>Rattach\u00e9(e) au p\u00f4le Studio p\u00e9dagogique, vous serez charg\u00e9(e) de mettre en forme et de r\u00e9aliser des modules de formation \u00e0 l\u2019aide de l\u2019outil auteur\u00a0STORYLINE.<\/p>\n<p>\u00c0 ce titre, vos missions seront\u00a0:<\/p>\n<ul>\n<li>\u00a0Concevoir des modules de formation e-learning\u00a0:<\/li>\n<\/ul>\n<ul>\n<li>R\u00e9aliser la production des modules de formation au moyen du logiciel auteur STORYLINE en se basant sur les story-boards fournis.<\/li>\n<li>Int\u00e9grer diff\u00e9rents m\u00e9dias (illustrations, animations, fichier sons et fichier texte) dans les modules de formation.<\/li>\n<\/ul>\n<ul>\n<li>Tester et recetter les modules produits en s\u2019assurant de leur bon fonctionnement, corriger les \u00e9ventuelles anomalies.<\/li>\n<\/ul>\n<h2><strong>Profil<\/strong><\/h2>\n<p>D\u2019une formation BAC+2 ou plus en d\u00e9veloppement\/infographie multim\u00e9dia, vous poss\u00e9dez au moins une premi\u00e8re exp\u00e9rience r\u00e9ussie dans la conception de modules e-learning.<\/p>\n<p>Vous ma\u00eetrisez l&#8217;outil auteur STORYLINE dans sa totalit\u00e9 (incluant la ma\u00eetrise des notions de variables et d\u00e9clencheurs) et poss\u00e9dez des comp\u00e9tences en infographie (Photoshop, Illustrator).<\/p>\n<p>Bonne \u00e9coute et facilit\u00e9 de compr\u00e9hension des besoins, sens du d\u00e9tail, aptitude au travail collaboratif, capacit\u00e9 \u00e0 travailler en mode projet, autonome, cr\u00e9ativit\u00e9 et go\u00fbt pour l&#8217;innovation, rigueur r\u00e9dactionnelle et organisationnelle, force de proposition sont autant de qualit\u00e9s essentielles attendues.<\/p>\n<h2><strong>Conditions <\/strong><\/h2>\n<ul>\n<li>CDD 2 mois<\/li>\n<li>Salaire\u00a0: selon profil<\/li>\n<li>Lieu\u00a0: Dardilly (69)<\/li>\n<li>Poste \u00e0 pourvoir d\u00e8s le 4\/09\/2017<\/li>\n<\/ul>\n<\/div><a href=\"http:\/\/actiononline.fr\/en\/application-form\/\" class=\"btn btn-warning btn-lg    element-short-top element-no-bottom\" target= \"_blank\" data-os-animation=\"none\" data-os-animation-delay=\"0s \"  >\n\tApply now  \t<\/a>\n <\/p>\n\t\t            <\/div>\n\t\t        <\/div>\n\t\t    <\/div>\n\t   \t\t<\/div>\n<\/div>        <\/div>\n    <\/div>\n<\/section><section class=\"section swatch-white  section-text-no-shadow section-inner-no-shadow section-normal section-opaque\"  data-label=\"\">\n    \n    <div class=\"background-overlay grid-overlay-0 \" style=\"background-color: rgba(0,0,0,0);\"><\/div>\n\n    <div class=\"container\">\n        <div class=\"row vertical-top\">\n            <div class=\"col-md-12     text-default small-screen-default\"  ><\/div>        <\/div>\n    <\/div>\n<\/section>\n","protected":false},"excerpt":{"rendered":"Join our dynamic team ! Our job offers are updated regularly. You can also send your spontaneous application to us at the following e-mail address : recrutement@action-on-line.fr. Int\u00e9grateur E-learning (H\/F) Missions Rattach\u00e9(e) au p\u00f4le Studio p\u00e9dagogique, vous serez charg\u00e9(e) de mettre en forme et de r\u00e9aliser des modules de formation \u00e0 l\u2019aide de l\u2019outil auteur\u00a0STORYLINE.","protected":false},"author":1,"featured_media":0,"parent":0,"menu_order":31,"comment_status":"closed","ping_status":"closed","template":"","meta":{"_acf_changed":false,"footnotes":""},"categories":[],"tags":[],"class_list":["post-1495","page","type-page","status-publish","hentry"],"acf":[],"yoast_head":"<!-- This site is optimized with the Yoast SEO plugin v27.4 - https:\/\/yoast.com\/product\/yoast-seo-wordpress\/ -->\n<title>Recruitment - Action On Line<\/title>\n<meta name=\"robots\" content=\"index, follow, max-snippet:-1, max-image-preview:large, max-video-preview:-1\" \/>\n<link rel=\"canonical\" href=\"https:\/\/actiononline.fr\/en\/recruitment\/\" \/>\n<meta property=\"og:locale\" content=\"en_US\" \/>\n<meta property=\"og:type\" content=\"article\" \/>\n<meta property=\"og:title\" content=\"Recruitment - Action On Line\" \/>\n<meta property=\"og:url\" content=\"https:\/\/actiononline.fr\/en\/recruitment\/\" \/>\n<meta property=\"og:site_name\" content=\"Action On Line\" \/>\n<meta property=\"article:modified_time\" content=\"2018-05-22T12:49:37+00:00\" \/>\n<meta name=\"twitter:card\" content=\"summary_large_image\" \/>\n<meta name=\"twitter:site\" content=\"@actiononline_fr\" \/>\n<meta name=\"twitter:label1\" content=\"Est. reading time\" \/>\n\t<meta name=\"twitter:data1\" content=\"2 minutes\" \/>\n<script type=\"application\/ld+json\" class=\"yoast-schema-graph\">{\"@context\":\"https:\\\/\\\/schema.org\",\"@graph\":[{\"@type\":\"WebPage\",\"@id\":\"https:\\\/\\\/actiononline.fr\\\/en\\\/recruitment\\\/\",\"url\":\"https:\\\/\\\/actiononline.fr\\\/en\\\/recruitment\\\/\",\"name\":\"Recruitment - Action On Line\",\"isPartOf\":{\"@id\":\"https:\\\/\\\/actiononline.fr\\\/#website\"},\"datePublished\":\"2017-05-29T12:59:19+00:00\",\"dateModified\":\"2018-05-22T12:49:37+00:00\",\"breadcrumb\":{\"@id\":\"https:\\\/\\\/actiononline.fr\\\/en\\\/recruitment\\\/#breadcrumb\"},\"inLanguage\":\"en-US\",\"potentialAction\":[{\"@type\":\"ReadAction\",\"target\":[\"https:\\\/\\\/actiononline.fr\\\/en\\\/recruitment\\\/\"]}]},{\"@type\":\"BreadcrumbList\",\"@id\":\"https:\\\/\\\/actiononline.fr\\\/en\\\/recruitment\\\/#breadcrumb\",\"itemListElement\":[{\"@type\":\"ListItem\",\"position\":1,\"name\":\"Accueil\",\"item\":\"https:\\\/\\\/actiononline.fr\\\/en\\\/\"},{\"@type\":\"ListItem\",\"position\":2,\"name\":\"Recruitment\"}]},{\"@type\":\"WebSite\",\"@id\":\"https:\\\/\\\/actiononline.fr\\\/#website\",\"url\":\"https:\\\/\\\/actiononline.fr\\\/\",\"name\":\"Action On Line\",\"description\":\"Site Officiel\",\"potentialAction\":[{\"@type\":\"SearchAction\",\"target\":{\"@type\":\"EntryPoint\",\"urlTemplate\":\"https:\\\/\\\/actiononline.fr\\\/?s={search_term_string}\"},\"query-input\":{\"@type\":\"PropertyValueSpecification\",\"valueRequired\":true,\"valueName\":\"search_term_string\"}}],\"inLanguage\":\"en-US\"}]}<\/script>\n<!-- \/ Yoast SEO plugin. -->","yoast_head_json":{"title":"Recruitment - Action On Line","robots":{"index":"index","follow":"follow","max-snippet":"max-snippet:-1","max-image-preview":"max-image-preview:large","max-video-preview":"max-video-preview:-1"},"canonical":"https:\/\/actiononline.fr\/en\/recruitment\/","og_locale":"en_US","og_type":"article","og_title":"Recruitment - Action On Line","og_url":"https:\/\/actiononline.fr\/en\/recruitment\/","og_site_name":"Action On Line","article_modified_time":"2018-05-22T12:49:37+00:00","twitter_card":"summary_large_image","twitter_site":"@actiononline_fr","twitter_misc":{"Est. reading time":"2 minutes"},"schema":{"@context":"https:\/\/schema.org","@graph":[{"@type":"WebPage","@id":"https:\/\/actiononline.fr\/en\/recruitment\/","url":"https:\/\/actiononline.fr\/en\/recruitment\/","name":"Recruitment - Action On Line","isPartOf":{"@id":"https:\/\/actiononline.fr\/#website"},"datePublished":"2017-05-29T12:59:19+00:00","dateModified":"2018-05-22T12:49:37+00:00","breadcrumb":{"@id":"https:\/\/actiononline.fr\/en\/recruitment\/#breadcrumb"},"inLanguage":"en-US","potentialAction":[{"@type":"ReadAction","target":["https:\/\/actiononline.fr\/en\/recruitment\/"]}]},{"@type":"BreadcrumbList","@id":"https:\/\/actiononline.fr\/en\/recruitment\/#breadcrumb","itemListElement":[{"@type":"ListItem","position":1,"name":"Accueil","item":"https:\/\/actiononline.fr\/en\/"},{"@type":"ListItem","position":2,"name":"Recruitment"}]},{"@type":"WebSite","@id":"https:\/\/actiononline.fr\/#website","url":"https:\/\/actiononline.fr\/","name":"Action On Line","description":"Site Officiel","potentialAction":[{"@type":"SearchAction","target":{"@type":"EntryPoint","urlTemplate":"https:\/\/actiononline.fr\/?s={search_term_string}"},"query-input":{"@type":"PropertyValueSpecification","valueRequired":true,"valueName":"search_term_string"}}],"inLanguage":"en-US"}]}},"_links":{"self":[{"href":"https:\/\/actiononline.fr\/en\/wp-json\/wp\/v2\/pages\/1495","targetHints":{"allow":["GET"]}}],"collection":[{"href":"https:\/\/actiononline.fr\/en\/wp-json\/wp\/v2\/pages"}],"about":[{"href":"https:\/\/actiononline.fr\/en\/wp-json\/wp\/v2\/types\/page"}],"author":[{"embeddable":true,"href":"https:\/\/actiononline.fr\/en\/wp-json\/wp\/v2\/users\/1"}],"replies":[{"embeddable":true,"href":"https:\/\/actiononline.fr\/en\/wp-json\/wp\/v2\/comments?post=1495"}],"version-history":[{"count":10,"href":"https:\/\/actiononline.fr\/en\/wp-json\/wp\/v2\/pages\/1495\/revisions"}],"predecessor-version":[{"id":3978,"href":"https:\/\/actiononline.fr\/en\/wp-json\/wp\/v2\/pages\/1495\/revisions\/3978"}],"wp:attachment":[{"href":"https:\/\/actiononline.fr\/en\/wp-json\/wp\/v2\/media?parent=1495"}],"wp:term":[{"taxonomy":"category","embeddable":true,"href":"https:\/\/actiononline.fr\/en\/wp-json\/wp\/v2\/categories?post=1495"},{"taxonomy":"post_tag","embeddable":true,"href":"https:\/\/actiononline.fr\/en\/wp-json\/wp\/v2\/tags?post=1495"}],"curies":[{"name":"wp","href":"https:\/\/api.w.org\/{rel}","templated":true}]}}